{"id":774,"date":"2017-11-09T08:57:43","date_gmt":"2017-11-09T08:57:43","guid":{"rendered":"https:\/\/themes.themegoods.com\/photography\/demo4\/?page_id=774"},"modified":"2024-03-26T17:23:03","modified_gmt":"2024-03-26T16:23:03","slug":"contact-1","status":"publish","type":"page","link":"https:\/\/www.robbiesas.com\/home\/contact-1\/","title":{"rendered":"Contact 1"},"content":{"rendered":"\t\t<div data-elementor-type=\"wp-page\" data-elementor-id=\"774\" class=\"elementor elementor-774\">\n\t\t\t\t<div class=\"elementor-element elementor-element-0f7c30b e-flex e-con-boxed e-con e-parent\" data-id=\"0f7c30b\" data-element_type=\"container\" data-e-type=\"container\">\n\t\t\t\t\t<div class=\"e-con-inner\">\n\t\t\t\t<div class=\"elementor-element elementor-element-2b6ea6f elementor-widget elementor-widget-spacer\" data-id=\"2b6ea6f\" data-element_type=\"widget\" data-e-type=\"widget\" data-widget_type=\"spacer.default\">\n\t\t\t\t<div class=\"elementor-widget-container\">\n\t\t\t\t\t\t\t<div class=\"elementor-spacer\">\n\t\t\t<div class=\"elementor-spacer-inner\"><\/div>\n\t\t<\/div>\n\t\t\t\t\t\t<\/div>\n\t\t\t\t<\/div>\n\t\t\t\t\t<\/div>\n\t\t\t\t<\/div>\n\t\t<div class=\"elementor-element elementor-element-40d9a56 e-flex e-con-boxed e-con e-parent\" data-id=\"40d9a56\" data-element_type=\"container\" data-e-type=\"container\">\n\t\t\t\t\t<div class=\"e-con-inner\">\n\t\t\t\t<div class=\"elementor-element elementor-element-0d58e92 elementor-widget elementor-widget-spacer\" data-id=\"0d58e92\" data-element_type=\"widget\" data-e-type=\"widget\" data-widget_type=\"spacer.default\">\n\t\t\t\t<div class=\"elementor-widget-container\">\n\t\t\t\t\t\t\t<div class=\"elementor-spacer\">\n\t\t\t<div class=\"elementor-spacer-inner\"><\/div>\n\t\t<\/div>\n\t\t\t\t\t\t<\/div>\n\t\t\t\t<\/div>\n\t\t\t\t<div class=\"elementor-element elementor-element-e091b12 elementor-widget elementor-widget-text-editor\" data-id=\"e091b12\" data-element_type=\"widget\" data-e-type=\"widget\" data-widget_type=\"text-editor.default\">\n\t\t\t\t<div class=\"elementor-widget-container\">\n\t\t\t\t\t\t\t\t\t<h4 style=\"text-align: center;\">Let\u2019s create beauty? Creiamo bellezza? Samen iets moois maken?<\/h4>\t\t\t\t\t\t\t\t<\/div>\n\t\t\t\t<\/div>\n\t\t\t\t\t<\/div>\n\t\t\t\t<\/div>\n\t\t<div class=\"elementor-element elementor-element-5a7ec14b e-flex e-con-boxed e-con e-parent\" data-id=\"5a7ec14b\" data-element_type=\"container\" data-e-type=\"container\">\n\t\t\t\t\t<div class=\"e-con-inner\">\n\t\t\t\t<div class=\"elementor-element elementor-element-fd453a7 elementor-widget elementor-widget-text-editor\" data-id=\"fd453a7\" data-element_type=\"widget\" data-e-type=\"widget\" data-widget_type=\"text-editor.default\">\n\t\t\t\t<div class=\"elementor-widget-container\">\n\t\t\t\t\t\t\t\t\t<p><strong><img decoding=\"async\" class=\"alignnone size-full wp-image-6305\" src=\"https:\/\/www.robbiesas.com\/wp-content\/uploads\/2022\/04\/ita-e1660050581288.png\" alt=\"\" width=\"25\" height=\"17\" \/> Se desideri maggiori informazioni sulla fotografia di ritratto o aziendale, ad esempio prezzi, preventivo o disponibilit\u00e0: mandami un&#8217;e-mail.<br \/><\/strong><strong> Speriamo di incontrarci.<br \/><br \/><\/strong><\/p><p><strong><img decoding=\"async\" class=\"size-full wp-image-8074 alignnone\" src=\"https:\/\/www.robbiesas.com\/wp-content\/uploads\/2024\/03\/vlag-eng.png\" alt=\"\" width=\"22\" height=\"15\" \/> If you would like more information about portrait or business photography, for example prices or quotation or availability: email me. <br \/><\/strong><\/p><p><strong>Hopefully we will meet each other.<br \/><\/strong><\/p><p>\u00a0<\/p><p><strong><img decoding=\"async\" class=\"alignnone size-full wp-image-8075\" src=\"https:\/\/www.robbiesas.com\/wp-content\/uploads\/2024\/03\/germany.png\" alt=\"\" width=\"23\" height=\"15\" \/> Wenn Sie weitere Informationen zum Thema Portr\u00e4t- oder Businessfotografie w\u00fcnschen, zum Beispiel Preise, Angebote oder Verf\u00fcgbarkeit: Schreiben Sie mir eine E-Mail.<br \/>Ich hoffe, dass wir uns kennenlernen.<\/strong><\/p>\t\t\t\t\t\t\t\t<\/div>\n\t\t\t\t<\/div>\n\t\t\t\t<div class=\"elementor-element elementor-element-43cb47 elementor-widget elementor-widget-text-editor\" data-id=\"43cb47\" data-element_type=\"widget\" data-e-type=\"widget\" data-widget_type=\"text-editor.default\">\n\t\t\t\t<div class=\"elementor-widget-container\">\n\t\t\t\t\t\t\t\t\t<div class=\"one withsmallpadding ppb_header \" style=\"text-align: center; padding: 10px 0 10px 0;\"><div class=\"standard_wrapper\"><div class=\"page_content_wrapper\"><div class=\"inner\"><div style=\"margin: auto; width: 100%;\"><p>\u00a0<\/p><div class=\"ppb_header_content\"><div class=\"one withsmallpadding ppb_text\" style=\"padding: 80px 0 80px 0;\"><div class=\"standard_wrapper\"><div class=\"page_content_wrapper\"><div class=\"inner\"><div style=\"margin: auto; width: 100%;\"><div class=\"one_half \"><div><strong>e-mail<\/strong><br \/><a href=\"mailto:robsas@robsas.nl\"><strong>robsas@robsas.nl<\/strong><\/a><\/div><div style=\"margin-top: 20px;\"><p><span style=\"text-transform: uppercase; font-size: 13px;\">Call Rob (dutch english german italian )<\/span><br \/><strong>+31 653645036<\/strong><\/p><p><strong>+39 3478243036<\/strong><\/p><\/div><div style=\"margin-top: 20px;\">\u00a0<\/div><\/div><div class=\"one_half last \"><div><span style=\"text-transform: uppercase; font-size: 13px;\">Visit Rob<\/span><br \/><strong>Via Monte Baldo 48,<br \/>Caprino Veronese,37013 (VR) Italy<\/strong><\/div><\/div><\/div><\/div><\/div><\/div><\/div><\/div><\/div><\/div><\/div><\/div><\/div>\t\t\t\t\t\t\t\t<\/div>\n\t\t\t\t<\/div>\n\t\t\t\t\t<\/div>\n\t\t\t\t<\/div>\n\t\t\t\t<\/div>\n\t\t","protected":false},"excerpt":{"rendered":"","protected":false},"author":1,"featured_media":0,"parent":0,"menu_order":0,"comment_status":"closed","ping_status":"closed","template":"","meta":{"_monsterinsights_skip_tracking":false,"_monsterinsights_sitenote_active":false,"_monsterinsights_sitenote_note":"","_monsterinsights_sitenote_category":0,"footnotes":""},"class_list":["post-774","page","type-page","status-publish","hentry"],"aioseo_notices":[],"_links":{"self":[{"href":"https:\/\/www.robbiesas.com\/home\/wp-json\/wp\/v2\/pages\/774","targetHints":{"allow":["GET"]}}],"collection":[{"href":"https:\/\/www.robbiesas.com\/home\/wp-json\/wp\/v2\/pages"}],"about":[{"href":"https:\/\/www.robbiesas.com\/home\/wp-json\/wp\/v2\/types\/page"}],"author":[{"embeddable":true,"href":"https:\/\/www.robbiesas.com\/home\/wp-json\/wp\/v2\/users\/1"}],"replies":[{"embeddable":true,"href":"https:\/\/www.robbiesas.com\/home\/wp-json\/wp\/v2\/comments?post=774"}],"version-history":[{"count":87,"href":"https:\/\/www.robbiesas.com\/home\/wp-json\/wp\/v2\/pages\/774\/revisions"}],"predecessor-version":[{"id":9092,"href":"https:\/\/www.robbiesas.com\/home\/wp-json\/wp\/v2\/pages\/774\/revisions\/9092"}],"wp:attachment":[{"href":"https:\/\/www.robbiesas.com\/home\/wp-json\/wp\/v2\/media?parent=774"}],"curies":[{"name":"wp","href":"https:\/\/api.w.org\/{rel}","templated":true}]}}